{"id":4255,"date":"2025-02-19T13:06:01","date_gmt":"2025-02-19T13:06:01","guid":{"rendered":"https:\/\/ipcc.pl\/?page_id=4255"},"modified":"2025-03-01T17:30:03","modified_gmt":"2025-03-01T17:30:03","slug":"articles","status":"publish","type":"page","link":"https:\/\/ipcc.pl\/en\/articles\/","title":{"rendered":"Articles"},"content":{"rendered":"<p><\/p>\n\n\n<div class=\"wp-block-latest-posts__list wp-block-advanced-posts-listing-advanced-posts-listing-block\"><style>\r\n            .post-container {\r\n                margin-bottom: 30px !important; \r\n            }<\/style><div class=\"listing-layout\"><div class=\"post-container\">    <div class=\"image-container\"><img decoding=\"async\" class=\"block-image lazyload\" data-src=\"https:\/\/i0.wp.com\/ipcc.pl\/wp-content\/uploads\/2024\/09\/Kerala-article-article.jpg?fit=1024%2C512&#038;ssl=1\" src=\"data:image\/svg+xml;base64,PHN2ZyB3aWR0aD0iMSIgaGVpZ2h0PSIxIiB4bWxucz0iaHR0cDovL3d3dy53My5vcmcvMjAwMC9zdmciPjwvc3ZnPg==\">    <\/div>    <div class=\"post-title\"  ><a href=\"https:\/\/ipcc.pl\/en\/articles\/kerala-kraina-bogow\/\" class=\"title\">Kerala \u2013 Kraina Bog\u00f3w<\/a>    <\/div>    <div class=\"meta-data\" ><p>September 4, 2024 | Author: admin | Categories: Articles<\/p>    <\/div>    <div class=\"post-content\" ><p>Kerala \u2013 Kraina Bog\u00f3w Grupa 12 studentek indologii w Instytucie Orientalistyki UJ polecia\u0142a 13 lutego    <\/p><\/div>    <div class=\"read-more-btn\">        <a target=\"_blank\" href=\"https:\/\/ipcc.pl\/en\/articles\/kerala-kraina-bogow\/\" class=\"read-more-button\">Read More<\/a>    <\/div><\/div><div class=\"post-container\">    <div class=\"image-container\"><img decoding=\"async\" class=\"block-image lazyload\" data-src=\"https:\/\/i0.wp.com\/ipcc.pl\/wp-content\/uploads\/2024\/09\/indyjski-film-article.webp?fit=1024%2C512&#038;ssl=1\" src=\"data:image\/svg+xml;base64,PHN2ZyB3aWR0aD0iMSIgaGVpZ2h0PSIxIiB4bWxucz0iaHR0cDovL3d3dy53My5vcmcvMjAwMC9zdmciPjwvc3ZnPg==\">    <\/div>    <div class=\"post-title\"  ><a href=\"https:\/\/ipcc.pl\/en\/articles\/nie-kazdy-indyjski-film-to-bollywood\/\" class=\"title\">Nie ka\u017cdy indyjski film to Bollywood<\/a>    <\/div>    <div class=\"meta-data\" ><p>September 4, 2024 | Author: admin | Categories: Articles<\/p>    <\/div>    <div class=\"post-content\" ><p>Nie ka\u017cdy indyjski film to Bollywood Filmy kr\u0119cone w Indiach cz\u0119sto nazywa si\u0119 dzie\u0142ami bollywoodzkimi.    <\/p><\/div>    <div class=\"read-more-btn\">        <a target=\"_blank\" href=\"https:\/\/ipcc.pl\/en\/articles\/nie-kazdy-indyjski-film-to-bollywood\/\" class=\"read-more-button\">Read More<\/a>    <\/div><\/div><\/div><\/div>","protected":false},"excerpt":{"rendered":"","protected":false},"author":1,"featured_media":0,"parent":0,"menu_order":0,"comment_status":"closed","ping_status":"closed","template":"","meta":{"_EventAllDay":false,"_EventTimezone":"","_EventStartDate":"","_EventEndDate":"","_EventStartDateUTC":"","_EventEndDateUTC":"","_EventShowMap":false,"_EventShowMapLink":false,"_EventURL":"","_EventCost":"","_EventCostDescription":"","_EventCurrencySymbol":"","_EventCurrencyCode":"","_EventCurrencyPosition":"","_EventDateTimeSeparator":"","_EventTimeRangeSeparator":"","_EventOrganizerID":[],"_EventVenueID":[],"_OrganizerEmail":"","_OrganizerPhone":"","_OrganizerWebsite":"","_VenueAddress":"","_VenueCity":"","_VenueCountry":"","_VenueProvince":"","_VenueState":"","_VenueZip":"","_VenuePhone":"","_VenueURL":"","_VenueStateProvince":"","_VenueLat":"","_VenueLng":"","_VenueShowMap":false,"_VenueShowMapLink":false,"footnotes":""},"class_list":["post-4255","page","type-page","status-publish","hentry"],"featured_image_url":[],"post_author":"admin","assigned_categories":"","jetpack_sharing_enabled":true,"jetpack-related-posts":[],"_links":{"self":[{"href":"https:\/\/ipcc.pl\/en\/wp-json\/wp\/v2\/pages\/4255","targetHints":{"allow":["GET"]}}],"collection":[{"href":"https:\/\/ipcc.pl\/en\/wp-json\/wp\/v2\/pages"}],"about":[{"href":"https:\/\/ipcc.pl\/en\/wp-json\/wp\/v2\/types\/page"}],"author":[{"embeddable":true,"href":"https:\/\/ipcc.pl\/en\/wp-json\/wp\/v2\/users\/1"}],"replies":[{"embeddable":true,"href":"https:\/\/ipcc.pl\/en\/wp-json\/wp\/v2\/comments?post=4255"}],"version-history":[{"count":9,"href":"https:\/\/ipcc.pl\/en\/wp-json\/wp\/v2\/pages\/4255\/revisions"}],"predecessor-version":[{"id":4685,"href":"https:\/\/ipcc.pl\/en\/wp-json\/wp\/v2\/pages\/4255\/revisions\/4685"}],"wp:attachment":[{"href":"https:\/\/ipcc.pl\/en\/wp-json\/wp\/v2\/media?parent=4255"}],"curies":[{"name":"wp","href":"https:\/\/api.w.org\/{rel}","templated":true}]}}